{"id":4255,"date":"2025-03-14T09:03:28","date_gmt":"2025-03-14T09:03:28","guid":{"rendered":"https:\/\/mts-bodenmarkierung.de\/application-form\/"},"modified":"2025-05-20T10:06:57","modified_gmt":"2025-05-20T10:06:57","slug":"application-form","status":"publish","type":"page","link":"https:\/\/mts-bodenmarkierung.de\/en\/about\/application-form\/","title":{"rendered":"Application form"},"content":{"rendered":"\t\t<div data-elementor-type=\"wp-page\" data-elementor-id=\"4255\" class=\"elementor elementor-4255 elementor-4162\" data-elementor-post-type=\"page\">\n\t\t\t\t<main class=\"elementor-element elementor-element-a7bb399 e-con-full e-flex e-con e-parent\" data-id=\"a7bb399\" data-element_type=\"container\">\n\t\t<div class=\"elementor-element elementor-element-b160209 e-flex e-con-boxed e-con e-child\" data-id=\"b160209\" data-element_type=\"container\" data-settings=\"{&quot;background_background&quot;:&quot;classic&quot;}\">\n\t\t\t\t\t<div class=\"e-con-inner\">\n\t\t<div class=\"elementor-element elementor-element-f0373bc e-con-full elementor-hidden-mobile e-flex e-con e-child\" data-id=\"f0373bc\" data-element_type=\"container\">\n\t\t\t\t<div class=\"elementor-element elementor-element-6c012a5 elementor-widget elementor-widget-button\" data-id=\"6c012a5\" data-element_type=\"widget\" data-widget_type=\"button.default\">\n\t\t\t\t\t\t\t\t\t\t<a class=\"elementor-button elementor-button-link elementor-size-sm\" href=\"https:\/\/mts-bodenmarkierung.de\/en\/about\/\">\n\t\t\t\t\t\t<span class=\"elementor-button-content-wrapper\">\n\t\t\t\t\t\t\t\t\t<span class=\"elementor-button-text\">About<\/span>\n\t\t\t\t\t<\/span>\n\t\t\t\t\t<\/a>\n\t\t\t\t\t\t\t\t<\/div>\n\t\t\t\t<div class=\"elementor-element elementor-element-14c5271 elementor-view-default elementor-widget elementor-widget-icon\" data-id=\"14c5271\" data-element_type=\"widget\" data-widget_type=\"icon.default\">\n\t\t\t\t\t\t\t<div class=\"elementor-icon-wrapper\">\n\t\t\t<div class=\"elementor-icon\">\n\t\t\t<svg xmlns=\"http:\/\/www.w3.org\/2000\/svg\" width=\"8\" height=\"9\" viewBox=\"0 0 8 9\" fill=\"none\"><path d=\"M0.688 8.376C0.602667 8.376 0.56 8.328 0.56 8.232V7.08C0.56 6.99467 0.602667 6.936 0.688 6.904L5.696 4.712C5.76 4.68 5.76 4.648 5.696 4.616L0.688 2.424C0.602667 2.392 0.56 2.33333 0.56 2.248V1.08C0.56 1.02667 0.576 0.989333 0.608 0.967999C0.650667 0.936 0.698667 0.930667 0.752 0.952L7.248 3.928C7.32267 3.96 7.36 4.01867 7.36 4.104V5.208C7.36 5.28267 7.32267 5.34133 7.248 5.384L0.752 8.36L0.688 8.376Z\" fill=\"#F6F6F6\" fill-opacity=\"0.8\"><\/path><\/svg>\t\t\t<\/div>\n\t\t<\/div>\n\t\t\t\t\t\t<\/div>\n\t\t\t\t<div class=\"elementor-element elementor-element-9b19f7c elementor-widget elementor-widget-button\" data-id=\"9b19f7c\" data-element_type=\"widget\" data-widget_type=\"button.default\">\n\t\t\t\t\t\t\t\t\t\t<a class=\"elementor-button elementor-button-link elementor-size-sm\" href=\"https:\/\/mts-bodenmarkierung.de\/en\/about\/careers\/\">\n\t\t\t\t\t\t<span class=\"elementor-button-content-wrapper\">\n\t\t\t\t\t\t\t\t\t<span class=\"elementor-button-text\">Careers<\/span>\n\t\t\t\t\t<\/span>\n\t\t\t\t\t<\/a>\n\t\t\t\t\t\t\t\t<\/div>\n\t\t\t\t<div class=\"elementor-element elementor-element-e24dab5 elementor-view-default elementor-widget elementor-widget-icon\" data-id=\"e24dab5\" data-element_type=\"widget\" data-widget_type=\"icon.default\">\n\t\t\t\t\t\t\t<div class=\"elementor-icon-wrapper\">\n\t\t\t<div class=\"elementor-icon\">\n\t\t\t<svg xmlns=\"http:\/\/www.w3.org\/2000\/svg\" width=\"8\" height=\"9\" viewBox=\"0 0 8 9\" fill=\"none\"><path d=\"M0.688 8.376C0.602667 8.376 0.56 8.328 0.56 8.232V7.08C0.56 6.99467 0.602667 6.936 0.688 6.904L5.696 4.712C5.76 4.68 5.76 4.648 5.696 4.616L0.688 2.424C0.602667 2.392 0.56 2.33333 0.56 2.248V1.08C0.56 1.02667 0.576 0.989333 0.608 0.967999C0.650667 0.936 0.698667 0.930667 0.752 0.952L7.248 3.928C7.32267 3.96 7.36 4.01867 7.36 4.104V5.208C7.36 5.28267 7.32267 5.34133 7.248 5.384L0.752 8.36L0.688 8.376Z\" fill=\"#F6F6F6\" fill-opacity=\"0.8\"><\/path><\/svg>\t\t\t<\/div>\n\t\t<\/div>\n\t\t\t\t\t\t<\/div>\n\t\t\t\t<div class=\"elementor-element elementor-element-b953e67 elementor-widget elementor-widget-button\" data-id=\"b953e67\" data-element_type=\"widget\" data-widget_type=\"button.default\">\n\t\t\t\t\t\t\t\t\t\t<a class=\"elementor-button elementor-size-sm\" role=\"button\">\n\t\t\t\t\t\t<span class=\"elementor-button-content-wrapper\">\n\t\t\t\t\t\t\t\t\t<span class=\"elementor-button-text\">Online application<\/span>\n\t\t\t\t\t<\/span>\n\t\t\t\t\t<\/a>\n\t\t\t\t\t\t\t\t<\/div>\n\t\t\t\t<\/div>\n\t\t\t\t<div class=\"elementor-element elementor-element-906c503 elementor-widget elementor-widget-heading\" data-id=\"906c503\" data-element_type=\"widget\" data-widget_type=\"heading.default\">\n\t\t\t\t\t<h1 class=\"elementor-heading-title elementor-size-default\">Apply online now!<\/h1>\t\t\t\t<\/div>\n\t\t<div class=\"elementor-element elementor-element-1cbbf02 e-con-full e-flex e-con e-child\" data-id=\"1cbbf02\" data-element_type=\"container\" data-settings=\"{&quot;background_background&quot;:&quot;classic&quot;}\">\n\t\t\t\t<\/div>\n\t\t\t\t\t<\/div>\n\t\t\t\t<\/div>\n\t\t<div class=\"elementor-element elementor-element-803d921 e-flex e-con-boxed e-con e-child\" data-id=\"803d921\" data-element_type=\"container\" data-settings=\"{&quot;background_background&quot;:&quot;classic&quot;}\">\n\t\t\t\t\t<div class=\"e-con-inner\">\n\t\t<div class=\"elementor-element elementor-element-2bafed6 e-con-full e-flex e-con e-child\" data-id=\"2bafed6\" data-element_type=\"container\" id=\"bewerbungsformular-anchor\">\n\t\t<div class=\"elementor-element elementor-element-0709cf5 e-con-full e-flex e-con e-child\" data-id=\"0709cf5\" data-element_type=\"container\">\n\t\t\t\t<div class=\"elementor-element elementor-element-d001417 elementor-widget elementor-widget-text-editor\" data-id=\"d001417\" data-element_type=\"widget\" data-widget_type=\"text-editor.default\">\n\t\t\t\t\t\t\t\t\t<p>Application form<\/p>\t\t\t\t\t\t\t\t<\/div>\n\t\t\t\t<\/div>\n\t\t\t\t<div class=\"elementor-element elementor-element-f28f8d6 elementor-widget elementor-widget-text-editor\" data-id=\"f28f8d6\" data-element_type=\"widget\" data-widget_type=\"text-editor.default\">\n\t\t\t\t\t\t\t\t\t<p>Have we piqued your interest? Then send us your application today or simply fill out the following form: <\/p>\t\t\t\t\t\t\t\t<\/div>\n\t\t\t\t<\/div>\n\t\t\t\t<div class=\"elementor-element elementor-element-3123962 elementor-widget elementor-widget-shortcode\" data-id=\"3123962\" data-element_type=\"widget\" data-widget_type=\"shortcode.default\">\n\t\t\t\t\t\t\t<div class=\"elementor-shortcode\"><div class='fluentform ff-default fluentform_wrapper_16 ffs_default_wrap'><form data-form_id=\"16\" id=\"fluentform_16\" class=\"frm-fluent-form fluent_form_16 ff-el-form-top ff_form_instance_16_1 ff-form-loading ffs_default\" data-form_instance=\"ff_form_instance_16_1\" method=\"POST\" ><fieldset  style=\"border: none!important;margin: 0!important;padding: 0!important;background-color: transparent!important;box-shadow: none!important;outline: none!important; min-inline-size: 100%;\">\n                    <legend class=\"ff_screen_reader_title\" style=\"display: block; margin: 0!important;padding: 0!important;height: 0!important;text-indent: -999999px;width: 0!important;overflow:hidden;\">Bewerbungsformular<\/legend><input type='hidden' name='__fluent_form_embded_post_id' value='4255' \/><input type=\"hidden\" id=\"_fluentform_16_fluentformnonce\" name=\"_fluentform_16_fluentformnonce\" value=\"d86b5f9ad5\" \/><input type=\"hidden\" name=\"_wp_http_referer\" value=\"\/en\/wp-json\/wp\/v2\/pages\/4255\" \/><div class='ff-el-group custom-form-felder bewerbung'><div class=\"ff-el-input--label asterisk-right\"><label for='ff_16_dropdown' aria-label=\"Bewerben f\u00fcr\">Bewerben f\u00fcr<\/label><\/div><div class='ff-el-input--content'><select name=\"dropdown\" id=\"ff_16_dropdown\" class=\"ff-el-form-control  ff_has_multi_select\" data-name=\"dropdown\" data-calc_value=\"0\"  aria-invalid=\"false\" aria-required=false><option value=\"\">Bitte ausw\u00e4hlen<\/option><option value=\"bodenmarkierer\"  >Bodenmarkierer (m\/w\/d)<\/option><option value=\"quereinsteiger\"  >Quereinsteiger (m\/w\/d)<\/option><option value=\"ausbildung\"  >Ausbildung zum Bodenmarkierer (m\/w\/d)<\/option><option value=\"fuhrpark\"  >Mitarbeiter Fuhrpark und Lager (m\/w\/d)<\/option><\/select><\/div><\/div><div data-type=\"name-element\" data-name=\"names\" class=\" ff-field_container ff-name-field-wrapper custom-form-felder bewerbung\" ><div class='ff-t-container'><div class='ff-t-cell '><div class='ff-el-group ff-el-form-top'><div class=\"ff-el-input--label ff-el-is-required asterisk-right\"><label for='ff_16_names_first_name_' >Vorname<\/label><\/div><div class='ff-el-input--content'><input type=\"text\" name=\"names[first_name]\" id=\"ff_16_names_first_name_\" class=\"ff-el-form-control\" placeholder=\"Bitte angeben\" aria-invalid=\"false\" aria-required=true><\/div><\/div><\/div><div class='ff-t-cell '><div class='ff-el-group ff-el-form-top'><div class=\"ff-el-input--label ff-el-is-required asterisk-right\"><label for='ff_16_names_last_name_' >Nachname<\/label><\/div><div class='ff-el-input--content'><input type=\"text\" name=\"names[last_name]\" id=\"ff_16_names_last_name_\" class=\"ff-el-form-control\" placeholder=\"Bitte angeben\" aria-invalid=\"false\" aria-required=true><\/div><\/div><\/div><\/div><\/div><div data-name=\"ff_cn_id_1\"  class='ff-t-container ff-column-container ff_columns_total_2  '><div class='ff-t-cell ff-t-column-1' style='flex-basis: 50%;'><div class='ff-el-group  custom-form-felder bewerbung'><div class=\"ff-el-input--label asterisk-right\"><label for='ff_16_email' aria-label=\"E-Mail\">E-Mail<\/label><\/div><div class='ff-el-input--content'><input type=\"email\" name=\"email\" id=\"ff_16_email\" class=\"ff-el-form-control\" placeholder=\"Bitte angeben\" data-name=\"email\"  aria-invalid=\"false\" aria-required=false><\/div><\/div><\/div><div class='ff-t-cell ff-t-column-2' style='flex-basis: 50%;'><div class='ff-el-group  custom-form-felder bewerbung'><div class=\"ff-el-input--label ff-el-is-required asterisk-right\"><label for='ff_16_phone' aria-label=\"Telefon\/Mobile\">Telefon\/Mobile<\/label><\/div><div class='ff-el-input--content'><input name=\"phone\" class=\"ff-el-form-control ff-el-phone\" type=\"tel\" placeholder=\"Bitte angeben\" data-name=\"phone\" id=\"ff_16_phone\" inputmode=\"tel\"  aria-invalid='false' aria-required=true><\/div><\/div><\/div><\/div><div data-name=\"ff_cn_id_2\"  class='ff-t-container ff-column-container ff_columns_total_4  '><div class='ff-t-cell ff-t-column-1' style='flex-basis: 25%;'><div class='ff-el-group  custom-form-felder bewerbung'><div class=\"ff-el-input--label ff-el-is-required asterisk-right\"><label for='ff_16_datetime' aria-label=\"Geb. Datum\">Geb. Datum<\/label><\/div><div class='ff-el-input--content'><input  aria-label='Geb. Datum Use arrow keys to navigate dates. Press enter to select a date.'  aria-haspopup='dialog' data-type-datepicker data-format='d.m.Y' type=\"text\" name=\"datetime\" id=\"ff_16_datetime\" class=\"ff-el-form-control ff-el-datepicker\" placeholder=\"TT.MM.JJJJ\" data-name=\"datetime\"  aria-invalid='false' aria-required=true><\/div><\/div><\/div><div class='ff-t-cell ff-t-column-2' style='flex-basis: 25%;'><div class='ff-el-group  custom-form-felder bewerbung'><div class=\"ff-el-input--label ff-el-is-required asterisk-right\"><label for='ff_16_multi_select' aria-label=\"F\u00fchrerscheinklasse\">F\u00fchrerscheinklasse<\/label><\/div><div class='ff-el-input--content'><select name=\"multi_select[]\" id=\"ff_16_multi_select\" class=\"ff-el-form-control  ff_has_multi_select\" placeholder=\"Bitte ausw\u00e4hlen\" multiple=\"1\" data-name=\"multi_select\" data-calc_value=\"0\"  aria-invalid=\"false\" aria-required=true><option value=\"\">Bitte ausw\u00e4hlen<\/option><option value=\"AM\"  >AM<\/option><option value=\"A1\"  >A1<\/option><option value=\"A2\"  >A2<\/option><option value=\"A\"  >A<\/option><option value=\"B1\"  >B1<\/option><option value=\"B\"  >B<\/option><option value=\"C1\"  >C1<\/option><option value=\"C\"  >C<\/option><option value=\"D1\"  >D1<\/option><option value=\"D\"  >D<\/option><option value=\"BE\"  >BE<\/option><option value=\"C1E\"  >C1E<\/option><option value=\"CE\"  >CE<\/option><option value=\"D1E\"  >D1E<\/option><option value=\"DE\"  >DE<\/option><option value=\"L\"  >L<\/option><option value=\"T\"  >T<\/option><\/select><\/div><\/div><\/div><div class='ff-t-cell ff-t-column-3' style='flex-basis: 25%;'><div class='ff-el-group  custom-form-felder bewerbung'><div class=\"ff-el-input--label asterisk-right\"><label for='ff_16_input_text_1' aria-label=\"Schulabschluss\">Schulabschluss<\/label><\/div><div class='ff-el-input--content'><input type=\"text\" name=\"input_text_1\" class=\"ff-el-form-control\" placeholder=\"Optional\" data-name=\"input_text_1\" id=\"ff_16_input_text_1\"  aria-invalid=\"false\" aria-required=false><\/div><\/div><\/div><div class='ff-t-cell ff-t-column-4' style='flex-basis: 25%;'><div class='ff-el-group  custom-form-felder bewerbung'><div class=\"ff-el-input--label asterisk-right\"><label for='ff_16_input_text' aria-label=\"Berufsausbildung\">Berufsausbildung<\/label><\/div><div class='ff-el-input--content'><input type=\"text\" name=\"input_text\" class=\"ff-el-form-control\" placeholder=\"Optional\" data-name=\"input_text\" id=\"ff_16_input_text\"  aria-invalid=\"false\" aria-required=false><\/div><\/div><\/div><\/div><div class='ff-el-group custom-form-felder bewerbung'><div class=\"ff-el-input--label ff-el-is-required asterisk-right\"><label for='ff_16_file-upload_1' aria-label=\"Lade bitte hier deinen Lebenslauf hoch und f\u00fcge optional weitere Dokumente als PDF-Datei (max. 4) hinzu (z. B. Anschreiben).\">Lade bitte hier deinen Lebenslauf hoch und f\u00fcge optional weitere Dokumente als PDF-Datei (max. 4) hinzu (z. B. Anschreiben).<\/label><\/div><div class='ff-el-input--content'><label for='ff_16_file-upload_1' class='ff_file_upload_holder'><span class='ff_upload_btn ff-btn' tabindex='0'>Datei(en) ausw\u00e4hlen (max. 5 MB)<\/span> <input type=\"file\" name=\"file-upload\" id=\"ff_16_file-upload_1\" class=\"ff-el-form-control  ff-screen-reader-element\" data-name=\"file-upload\" multiple=\"1\"  aria-invalid='false' aria-required=true><\/label><\/div><\/div><div class='ff-el-group custom-form-felder bewerbung'><div class=\"ff-el-input--label ff-el-is-required asterisk-right\"><label for='ff_16_description' aria-label=\"Deine Nachricht\">Deine Nachricht<\/label><\/div><div class='ff-el-input--content'><textarea aria-invalid=\"false\" aria-required=true name=\"description\" id=\"ff_16_description\" class=\"ff-el-form-control\" placeholder=\"Erz\u00e4hle uns in 3 - 4 S\u00e4tzen, warum du gerne bei uns arbeiten m\u00f6chtest.\" rows=\"6\" cols=\"1\" data-name=\"description\" ><\/textarea><\/div><\/div><div class='ff-el-group ff-text-left custom-form-felder bewerbung ff_submit_btn_wrapper'><button type=\"submit\" class=\"ff-btn ff-btn-submit ff-btn-md ff_btn_style wpf_has_custom_css\" >Bewerbung senden<\/button><\/div><\/fieldset><\/form><div id='fluentform_16_errors' class='ff-errors-in-stack ff_form_instance_16_1 ff-form-loading_errors ff_form_instance_16_1_errors'><\/div><\/div>            <script type=\"text\/javascript\">\n                window.fluent_form_ff_form_instance_16_1 = {\"id\":\"16\",\"settings\":{\"layout\":{\"labelPlacement\":\"top\",\"asteriskPlacement\":\"asterisk-right\",\"helpMessagePlacement\":\"with_label\",\"errorMessagePlacement\":\"inline\",\"cssClassName\":\"\"},\"restrictions\":{\"denyEmptySubmission\":{\"enabled\":false}}},\"form_instance\":\"ff_form_instance_16_1\",\"form_id_selector\":\"fluentform_16\",\"rules\":{\"dropdown\":{\"required\":{\"value\":false,\"message\":\"This field is required\",\"global_message\":\"Dieses Feld ist erforderlich\",\"global\":true}},\"names[first_name]\":{\"required\":{\"value\":true,\"message\":\"This field is required\",\"global_message\":\"Dieses Feld ist erforderlich\",\"global\":true}},\"names[middle_name]\":{\"required\":{\"value\":false,\"message\":\"This field is required\",\"global_message\":\"Dieses Feld ist erforderlich\",\"global\":true}},\"names[last_name]\":{\"required\":{\"value\":true,\"message\":\"This field is required\",\"global_message\":\"Dieses Feld ist erforderlich\",\"global\":true}},\"email\":{\"required\":{\"value\":false,\"message\":\"This field is required\",\"global_message\":\"Dieses Feld ist erforderlich\",\"global\":true},\"email\":{\"value\":true,\"message\":\"This field must contain a valid email\",\"global_message\":\"Dieses Feld muss eine g\\u00fcltige E-Mail-Adresse enthalten\",\"global\":true}},\"phone\":{\"required\":{\"value\":true,\"global\":true,\"message\":\"This field is required\",\"global_message\":\"Dieses Feld ist erforderlich\"},\"valid_phone_number\":{\"value\":false,\"global\":true,\"message\":\"Phone number is not valid\",\"global_message\":\"Phone number is not valid\"}},\"datetime\":{\"required\":{\"value\":true,\"message\":\"This field is required\",\"global_message\":\"Dieses Feld ist erforderlich\",\"global\":true}},\"multi_select\":{\"required\":{\"value\":true,\"message\":\"This field is required\",\"global_message\":\"Dieses Feld ist erforderlich\",\"global\":true}},\"input_text_1\":{\"required\":{\"value\":false,\"message\":\"This field is required\",\"global_message\":\"Dieses Feld ist erforderlich\",\"global\":true}},\"input_text\":{\"required\":{\"value\":false,\"message\":\"This field is required\",\"global_message\":\"Dieses Feld ist erforderlich\",\"global\":true}},\"file-upload\":{\"required\":{\"value\":true,\"message\":\"This field is required\",\"global_message\":\"Dieses Feld ist erforderlich\",\"global\":true},\"max_file_size\":{\"value\":5242880,\"_valueFrom\":\"MB\",\"message\":\"Validation fails for maximum file size\",\"global_message\":\"Validation fails for maximum file size\",\"global\":true},\"max_file_count\":{\"value\":\"4\",\"message\":\"Validation fails for maximum file count\",\"global_message\":\"Validation fails for maximum file count\",\"global\":true},\"allowed_file_types\":{\"value\":[\"pdf\"],\"message\":\"Invalid file type\",\"global_message\":\"Ung\\u00fcltiger Dateityp\",\"global\":true}},\"description\":{\"required\":{\"value\":true,\"message\":\"This field is required\",\"global_message\":\"Dieses Feld ist erforderlich\",\"global\":true}}},\"debounce_time\":300};\n                            <\/script>\n            <\/div>\n\t\t\t\t\t\t<\/div>\n\t\t\t\t\t<\/div>\n\t\t\t\t<\/div>\n\t\t\t\t<\/main>\n\t\t\t\t<\/div>\n\t\t","protected":false},"excerpt":{"rendered":"<p>About Careers Online application Apply online now! Application form Have we piqued your interest? Then send us your application today or simply fill out the following form:<\/p>\n","protected":false},"author":1,"featured_media":0,"parent":2960,"menu_order":0,"comment_status":"closed","ping_status":"closed","template":"","meta":{"_acf_changed":false,"inline_featured_image":false,"footnotes":""},"categories":[],"tags":[],"class_list":["post-4255","page","type-page","status-publish","hentry"],"acf":[],"_links":{"self":[{"href":"https:\/\/mts-bodenmarkierung.de\/en\/wp-json\/wp\/v2\/pages\/4255","targetHints":{"allow":["GET"]}}],"collection":[{"href":"https:\/\/mts-bodenmarkierung.de\/en\/wp-json\/wp\/v2\/pages"}],"about":[{"href":"https:\/\/mts-bodenmarkierung.de\/en\/wp-json\/wp\/v2\/types\/page"}],"author":[{"embeddable":true,"href":"https:\/\/mts-bodenmarkierung.de\/en\/wp-json\/wp\/v2\/users\/1"}],"replies":[{"embeddable":true,"href":"https:\/\/mts-bodenmarkierung.de\/en\/wp-json\/wp\/v2\/comments?post=4255"}],"version-history":[{"count":0,"href":"https:\/\/mts-bodenmarkierung.de\/en\/wp-json\/wp\/v2\/pages\/4255\/revisions"}],"up":[{"embeddable":true,"href":"https:\/\/mts-bodenmarkierung.de\/en\/wp-json\/wp\/v2\/pages\/2960"}],"wp:attachment":[{"href":"https:\/\/mts-bodenmarkierung.de\/en\/wp-json\/wp\/v2\/media?parent=4255"}],"wp:term":[{"taxonomy":"category","embeddable":true,"href":"https:\/\/mts-bodenmarkierung.de\/en\/wp-json\/wp\/v2\/categories?post=4255"},{"taxonomy":"post_tag","embeddable":true,"href":"https:\/\/mts-bodenmarkierung.de\/en\/wp-json\/wp\/v2\/tags?post=4255"}],"curies":[{"name":"wp","href":"https:\/\/api.w.org\/{rel}","templated":true}]}}